{"id":865,"date":"2021-08-01T20:33:38","date_gmt":"2021-08-01T18:33:38","guid":{"rendered":"http:\/\/greeningbelarus.webspace.tu-dresden.de\/greeningbelarus\/?page_id=865"},"modified":"2021-08-10T14:48:02","modified_gmt":"2021-08-10T12:48:02","slug":"impressum","status":"publish","type":"page","link":"https:\/\/greeningbelarus.webspace.tu-dresden.de\/ru\/impressum\/","title":{"rendered":"Impressum"},"content":{"rendered":"<p>Es gilt das <a href=\"https:\/\/tu-dresden.de\/impressum\">Impressum der TU Dresden<\/a> mit folgenden Abweichungen:<\/p>\n<p><b>VERANTWORTLICHKEITEN<\/b><\/p>\n<p>Bei inhaltlichen Fragen wenden Sie sich bitte an:<br \/>\nAndr\u00e9 R\u00fcckert<br \/>\nTechnische Universit\u00e4t Dresden<br \/>\n01062 Dresden<\/p>\n<p>E-Mail: andre.rueckert(at)tu-dresden.de<br \/>\nTelefon: +49 351 463-441 41<br \/>\nFax: +49 351 463-463 441 22<\/p>\n<p><b>Technische Umsetzung:<\/b><br \/>\nTechnische Universit\u00e4t Dresden<br \/>\nInstitut f\u00fcr Abfall- und Kreislaufwirtschaft<br \/>\nPratzschwitzer Str. 15<br \/>\n01796 Pirna<\/p>\n<p>Leitung: Prof. Dr.-Ing. Christina Dornack<\/p>\n<p>E-Mail: christina.dornack(at)tu-dresden.de<\/p>\n<p><b>DATENSCHUTZERKL\u00c4RUNG<\/b><\/p>\n<p>Die TU Dresden verarbeitet im Rahmen der Nutzung des \u00f6ffentlich zug\u00e4nglichen Webangebots (greeningbelarus.info) personenbezogene Daten nur in Form von Cookies, die ausschlie\u00dflich zur Erbringung der Dienstleistung zwingend erforderlich sind. Das hei\u00dft insbesondere werden keine sogenannten Tracking-Cookies genutzt, um Nutzerbewegungen und das Surfverhalten der Nutzenden unserer Seite zu erfassen bzw. zu analysieren.<\/p>\n<p><b>Rechtsgrundlage<\/b><\/p>\n<p>Rechtsgrundlage hierf\u00fcr ist Art. 6 Abs. 1 lit. f DSGVO.<\/p>\n<p><b>Rechte betroffener Personen<\/b><\/p>\n<ul>\n<li>Sie haben das Recht, von der TU Dresden Auskunft \u00fcber die zu Ihrer Person gespeicherten Daten zu erhalten und\/oder unrichtig gespeicherte Daten berichtigen zu lassen.<\/li>\n<li>Sie haben das Recht auf L\u00f6schung oder auf Einschr\u00e4nkung der Verarbeitung oder ein Widerspruchsrecht gegen die Verarbeitung.<\/li>\n<li>Sie k\u00f6nnen sich jederzeit an den Datenschutzbeauftragten der TU Dresden wenden:<br \/>\nTechnische Universit\u00e4t Dresden<br \/>\nDatenschutzbeauftragter<br \/>\n01062 Dresden<br \/>\nTel.: +49 (0) 351 463 32839<br \/>\nFax : +49 (0) 351 463 39718<br \/>\nE-Mail: <a href=\"mailto:informationssicherheit@tu-dresden.de\">informationssicherheit@tu-dresden.de<\/a><br \/>\n<a href=\"https:\/\/tu-dresden.de\/informationssicherheit\">https:\/\/tu-dresden.de\/informationssicherheit<\/a><\/li>\n<li>Sie haben weiterhin das Recht auf Beschwerde bei einer Aufsichtsbeh\u00f6rde, wenn Sie der Ansicht sind, dass die Verarbeitung der Sie betreffenden personenbezogenen Daten gegen die Rechtsvorschriften verst\u00f6\u00dft. Die zust\u00e4ndige Aufsichtsbeh\u00f6rde f\u00fcr den Datenschutz ist:<br \/>\nS\u00e4chsischer Datenschutzbeauftragter<br \/>\nPostfach 11 01 32<br \/>\n01330 Dresden<br \/>\nE-Mail: saechsdsb@slt.sachsen.de<br \/>\nTelefon:+ 49 (0) 35185471 101<br \/>\nTelefax: + 49 (0)351\/85471 109<br \/>\n<a href=\"http:\/\/www.datenschutz.sachsen.de\">www.datenschutz.sachsen.de<\/a><\/li>\n<\/ul>\n<p><b>FOTOS<\/b><\/p>\n<p>Startseite:<br \/>\n\u00a9orensteiner \/ www.pixabay.com<br \/>\nNews:<br \/>\n\u00a9Perfecto_Capucine \/ www.pixabay.com<br \/>\n\u00a9Alexandra_Koch \/ www.pixabay.com<br \/>\n\u00a9nattanan23 \/ www.pixabay.com<\/p>\n","protected":false},"excerpt":{"rendered":"<p>Es gilt das Impressum der TU Dresden mit folgenden Abweichungen: VERANTWORTLICHKEITEN Bei inhaltlichen Fragen wenden Sie sich bitte an: Andr\u00e9 R\u00fcckert Technische Universit\u00e4t Dresden 01062 Dresden E-Mail: andre.rueckert(at)tu-dresden.de Telefon: +49 &#8230;<\/p>\n","protected":false},"author":1,"featured_media":0,"parent":0,"menu_order":0,"comment_status":"closed","ping_status":"closed","template":"","meta":{"ub_ctt_via":"","footnotes":""},"class_list":["post-865","page","type-page","status-publish","hentry"],"translation":{"provider":"WPGlobus","version":"2.12.2","language":"ru","enabled_languages":["de","en","ru"],"languages":{"de":{"title":true,"content":true,"excerpt":false},"en":{"title":false,"content":false,"excerpt":false},"ru":{"title":false,"content":false,"excerpt":false}}},"featured_image_src":null,"_links":{"self":[{"href":"https:\/\/greeningbelarus.webspace.tu-dresden.de\/ru\/wp-json\/wp\/v2\/pages\/865","targetHints":{"allow":["GET"]}}],"collection":[{"href":"https:\/\/greeningbelarus.webspace.tu-dresden.de\/ru\/wp-json\/wp\/v2\/pages"}],"about":[{"href":"https:\/\/greeningbelarus.webspace.tu-dresden.de\/ru\/wp-json\/wp\/v2\/types\/page"}],"author":[{"embeddable":true,"href":"https:\/\/greeningbelarus.webspace.tu-dresden.de\/ru\/wp-json\/wp\/v2\/users\/1"}],"replies":[{"embeddable":true,"href":"https:\/\/greeningbelarus.webspace.tu-dresden.de\/ru\/wp-json\/wp\/v2\/comments?post=865"}],"version-history":[{"count":6,"href":"https:\/\/greeningbelarus.webspace.tu-dresden.de\/ru\/wp-json\/wp\/v2\/pages\/865\/revisions"}],"predecessor-version":[{"id":1226,"href":"https:\/\/greeningbelarus.webspace.tu-dresden.de\/ru\/wp-json\/wp\/v2\/pages\/865\/revisions\/1226"}],"wp:attachment":[{"href":"https:\/\/greeningbelarus.webspace.tu-dresden.de\/ru\/wp-json\/wp\/v2\/media?parent=865"}],"curies":[{"name":"wp","href":"https:\/\/api.w.org\/{rel}","templated":true}]}}