{"id":7,"date":"2021-03-09T10:53:12","date_gmt":"2021-03-09T09:53:12","guid":{"rendered":"http:\/\/localhost\/wordpress_5.6.2\/?page_id=7"},"modified":"2021-03-09T10:53:12","modified_gmt":"2021-03-09T09:53:12","slug":"ueber-uns","status":"publish","type":"page","link":"https:\/\/greeningbelarus.webspace.tu-dresden.de\/en\/ueber-uns\/","title":{"rendered":"\u00dcber uns"},"content":{"rendered":"\n<p>M\u00f6glicherweise bist du k\u00fcnstlerisch t\u00e4tig und m\u00f6chtest dich und deine Arbeiten hier vorstellen. Oder hast du vielleicht ein Business mit einer Mission, die es zu beschreiben gilt?<\/p>\n","protected":false},"excerpt":{"rendered":"<p>M\u00f6glicherweise bist du k\u00fcnstlerisch t\u00e4tig und m\u00f6chtest dich und deine Arbeiten hier vorstellen. Oder hast du vielleicht ein Business mit einer Mission, die es zu beschreiben gilt?<\/p>\n","protected":false},"author":1,"featured_media":0,"parent":0,"menu_order":0,"comment_status":"closed","ping_status":"closed","template":"","meta":{"ub_ctt_via":"","footnotes":""},"class_list":["post-7","page","type-page","status-publish","hentry"],"translation":{"provider":"WPGlobus","version":"2.12.2","language":"en","enabled_languages":["de","en","ru"],"languages":{"de":{"title":true,"content":true,"excerpt":false},"en":{"title":false,"content":false,"excerpt":false},"ru":{"title":false,"content":false,"excerpt":false}}},"featured_image_src":null,"_links":{"self":[{"href":"https:\/\/greeningbelarus.webspace.tu-dresden.de\/en\/wp-json\/wp\/v2\/pages\/7","targetHints":{"allow":["GET"]}}],"collection":[{"href":"https:\/\/greeningbelarus.webspace.tu-dresden.de\/en\/wp-json\/wp\/v2\/pages"}],"about":[{"href":"https:\/\/greeningbelarus.webspace.tu-dresden.de\/en\/wp-json\/wp\/v2\/types\/page"}],"author":[{"embeddable":true,"href":"https:\/\/greeningbelarus.webspace.tu-dresden.de\/en\/wp-json\/wp\/v2\/users\/1"}],"replies":[{"embeddable":true,"href":"https:\/\/greeningbelarus.webspace.tu-dresden.de\/en\/wp-json\/wp\/v2\/comments?post=7"}],"version-history":[{"count":2,"href":"https:\/\/greeningbelarus.webspace.tu-dresden.de\/en\/wp-json\/wp\/v2\/pages\/7\/revisions"}],"predecessor-version":[{"id":1319,"href":"https:\/\/greeningbelarus.webspace.tu-dresden.de\/en\/wp-json\/wp\/v2\/pages\/7\/revisions\/1319"}],"wp:attachment":[{"href":"https:\/\/greeningbelarus.webspace.tu-dresden.de\/en\/wp-json\/wp\/v2\/media?parent=7"}],"curies":[{"name":"wp","href":"https:\/\/api.w.org\/{rel}","templated":true}]}}