{"id":1008,"date":"2022-05-20T09:28:15","date_gmt":"2022-05-20T07:28:15","guid":{"rendered":"https:\/\/greeningbelarus.webspace.tu-dresden.de\/?page_id=1008"},"modified":"2022-05-20T14:16:04","modified_gmt":"2022-05-20T12:16:04","slug":"erklaerung-zur-barrierefreiheit","status":"publish","type":"page","link":"https:\/\/greeningbelarus.webspace.tu-dresden.de\/en\/erklaerung-zur-barrierefreiheit\/","title":{"rendered":"Erkl\u00e4rung zur Barrierefreiheit"},"content":{"rendered":"\n<p>Diese Erkl\u00e4rung zur Barrierefreiheit gilt f\u00fcr die unter <a href=\"https:\/\/greeningbelarus.webspace.tu-dresden.de\/\">https:\/\/greeningbelarus.webspace.tu-dresden.de\/<\/a> ver\u00f6ffentlichte Website.<\/p>\n\n\n\n<p>Die Technische Universit\u00e4t Dresden ist bem\u00fcht, ihre Websites und mobilen Anwendungen im Einklang mit den Bestimmungen des Barrierefreie-Websites-Gesetz (BfWebG) sowie in Verbindung mit der Barrierefreie-Informationstechnik-Verordnung (BITV 2.0) barrierefrei zug\u00e4nglich zu machen.<\/p>\n\n\n\n<h2 class=\"has-medium-font-size wp-block-heading\">Erstellung dieser Erkl\u00e4rung zur Barrierefreiheit<\/h2>\n\n\n\n<p>Diese Erkl\u00e4rung wurde am 12.10.2021 erstellt und zuletzt am 20.05.2022 aktualisiert. Grundlage der Erstellung dieser Erkl\u00e4rung zur Barrierefreiheit ist eine am 11.10.2021 vom Web-Support der Technischen Universit\u00e4t Dresden durchgef\u00fchrte Selbstbewertung.\u00a0<\/p>\n\n\n\n<h2 class=\"has-medium-font-size wp-block-heading\">Stand der Vereinbarkeit mit den Anforderungen der BITV<\/h2>\n\n\n\n<p>Diese Website ist wegen der folgenden Unvereinbarkeiten und\/oder Ausnahmen teilweise mit den Vorgaben des BfWebG in Verbindung mit der BITV 2.0 vereinbar:<\/p>\n\n\n\n<ul class=\"wp-block-list\"><li>Die Sprache ist in der mobilen Version nicht umstellbar.<\/li><li>\u00dcberschriftenhierarchie wird z.T. nicht beachtet.<\/li><li>Tastaturnavigation ist nur zum Teil m\u00f6glich.<\/li><li>Tastaturfokus ist nicht gut sichtbar.<\/li><li>Im Abschnitt \u201cSchwerpunkte\u201d gibt es leere \u00dcberschriften.<\/li><li>Kontraste sind z.T. zu gering, betrifft die gr\u00fcn\/wei\u00df Kombination in der Grafik unter \u201eRoadmap\u201c.<\/li><li>Sprachumschaltung nicht verf\u00fcgbar in der mobilen Version.<\/li><\/ul>\n\n\n\n<h2 class=\"has-medium-font-size wp-block-heading\">Kontakt<\/h2>\n\n\n\n<p>Sollten Ihnen M\u00e4ngel in Bezug auf die barrierefreie Gestaltung auffallen, wenden Sie sich bitte an:<\/p>\n\n\n\n<p>Andr\u00e9 R\u00fcckert<br>Technische Universit\u00e4t Dresden<br>01062 Dresden<\/p>\n\n\n\n<p>E-Mail: <a href=\"mailto:andre.rueckert@tu-dresden.de\">andre.rueckert@tu-dresden.de<\/a><br>Telefon: <a href=\"tel:+49%20351%20463-441%2041\">+49 351 463-441 41<\/a>.<\/p>\n\n\n\n<h2 class=\"has-medium-font-size wp-block-heading\">Durchsetzungsverfahren<\/h2>\n\n\n\n<p>Wenn wir Ihre R\u00fcckmeldungen aus Ihrer Sicht nicht befriedigend bearbeiten, k\u00f6nnen Sie sich an die <em>S\u00e4chsische Durchsetzungsstelle<\/em> wenden:<\/p>\n\n\n\n<p>Beauftragter der S\u00e4chsischen Staatsregierung f\u00fcr die Belange von Menschen mit Behinderungen<br>Albertstra\u00dfe 10, 01097 Dresden<\/p>\n\n\n\n<p>Postanschrift: Archivstra\u00dfe 1, 01097 Dresden<br>E-Mail: <a href=\"mailto:info.behindertenbeauftragter@sk.sachsen.de\">info.behindertenbeauftragter@sk.sachsen.de<\/a><br>Telefon: <a href=\"tel:035156412161\">0351 564-12161<\/a><br>Fax: 0351 564-12169<br>Webseite: <a href=\"https:\/\/www.inklusion.sachsen.de\">https:\/\/www.inklusion.sachsen.de<\/a><\/p>\n","protected":false},"excerpt":{"rendered":"<p>Diese Erkl\u00e4rung zur Barrierefreiheit gilt f\u00fcr die unter https:\/\/greeningbelarus.webspace.tu-dresden.de\/ ver\u00f6ffentlichte Website. Die Technische Universit\u00e4t Dresden ist bem\u00fcht, ihre Websites und mobilen Anwendungen im Einklang mit den Bestimmungen des Barrierefreie-Websites-Gesetz (BfWebG) &#8230;<\/p>\n","protected":false},"author":1,"featured_media":0,"parent":0,"menu_order":0,"comment_status":"closed","ping_status":"closed","template":"","meta":{"ub_ctt_via":"","footnotes":""},"class_list":["post-1008","page","type-page","status-publish","hentry"],"translation":{"provider":"WPGlobus","version":"2.12.2","language":"en","enabled_languages":["de","en","ru"],"languages":{"de":{"title":true,"content":true,"excerpt":false},"en":{"title":false,"content":false,"excerpt":false},"ru":{"title":false,"content":false,"excerpt":false}}},"featured_image_src":null,"_links":{"self":[{"href":"https:\/\/greeningbelarus.webspace.tu-dresden.de\/en\/wp-json\/wp\/v2\/pages\/1008","targetHints":{"allow":["GET"]}}],"collection":[{"href":"https:\/\/greeningbelarus.webspace.tu-dresden.de\/en\/wp-json\/wp\/v2\/pages"}],"about":[{"href":"https:\/\/greeningbelarus.webspace.tu-dresden.de\/en\/wp-json\/wp\/v2\/types\/page"}],"author":[{"embeddable":true,"href":"https:\/\/greeningbelarus.webspace.tu-dresden.de\/en\/wp-json\/wp\/v2\/users\/1"}],"replies":[{"embeddable":true,"href":"https:\/\/greeningbelarus.webspace.tu-dresden.de\/en\/wp-json\/wp\/v2\/comments?post=1008"}],"version-history":[{"count":25,"href":"https:\/\/greeningbelarus.webspace.tu-dresden.de\/en\/wp-json\/wp\/v2\/pages\/1008\/revisions"}],"predecessor-version":[{"id":1281,"href":"https:\/\/greeningbelarus.webspace.tu-dresden.de\/en\/wp-json\/wp\/v2\/pages\/1008\/revisions\/1281"}],"wp:attachment":[{"href":"https:\/\/greeningbelarus.webspace.tu-dresden.de\/en\/wp-json\/wp\/v2\/media?parent=1008"}],"curies":[{"name":"wp","href":"https:\/\/api.w.org\/{rel}","templated":true}]}}